{"id":1041,"date":"2022-07-14T10:18:15","date_gmt":"2022-07-14T10:18:15","guid":{"rendered":"https:\/\/gaius.se\/?post_type=product&#038;p=1041"},"modified":"2025-09-24T19:33:53","modified_gmt":"2025-09-24T19:33:53","slug":"vykortsbok-stockholm-2023","status":"publish","type":"product","link":"https:\/\/gaius.se\/wpAdmin\/produkt\/vykortsbok-stockholm-2023\/","title":{"rendered":"Vykortsbok \u2013 Stockholm"},"content":{"rendered":"<div class=\"row beskrivningsText\"  id=\"row-758939260\">\n\n\t<div class=\"col medium-8 small-12 large-8\"  >\n\t\t<div class=\"col-inner\"  >\n\t\t\t\n\t\t\t\n<h3>Du kanske ocks\u00e5 gillar&#8230;<\/h3>\n<div id=\"gtx-trans\" style=\"position: absolute; left: -24px; top: 33.3906px;\">\n<div class=\"gtx-trans-icon\"><\/div>\n<\/div>\n\t\t<\/div>\n\t<\/div>\n\n\t\n\n\t<div class=\"col medium-4 small-12 large-4\"  >\n\t\t<div class=\"col-inner\"  >\n\t\t\t\n\t\t\t\n<h3 style=\"text-align: right;\"><a class=\"product-back-link\" href=\"\/erbjudandesthlm\/\">Tillbaka<\/a><\/h3>\n\t\t<\/div>\n\t<\/div>\n\n\t\n\n<style scope=\"scope\">\n\n<\/style>\n<\/div>\n\t<div id=\"gap-1956869378\" class=\"gap-element clearfix\" style=\"display:block; height:auto;\">\n\t\t\n<style scope=\"scope\">\n\n#gap-1956869378 {\n  padding-top: 10px;\n}\n<\/style>\n\t<\/div>\n\t\n<div class=\"row showmoreBlock\"  id=\"row-1790401373\">\n\n\t<div class=\"col itemLike1 medium-4 small-12 large-4\"  >\n\t\t<div class=\"col-inner\" style=\"padding:15px 0px 0px 0px;\" >\n\t\t\t\n\t\t\t\n\t<div class=\"box has-hover   has-hover box-text-bottom\" >\n\n\t\t<div class=\"box-image\" >\n\t\t\t<a href=\"\/wpAdmin\/produkt\/goteborgsalmanackan-2024\/\"  >\t\t\t<div class=\"\" >\n\t\t\t\t<img loading=\"lazy\" decoding=\"async\" width=\"474\" height=\"474\" src=\"https:\/\/gaius.se\/wpAdmin\/wp-content\/uploads\/2024\/11\/Gbg-Vykort2.png\" class=\"attachment- size-\" alt=\"\" srcset=\"https:\/\/gaius.se\/wpAdmin\/wp-content\/uploads\/2024\/11\/Gbg-Vykort2.png 474w, https:\/\/gaius.se\/wpAdmin\/wp-content\/uploads\/2024\/11\/Gbg-Vykort2-300x300.png 300w, https:\/\/gaius.se\/wpAdmin\/wp-content\/uploads\/2024\/11\/Gbg-Vykort2-150x150.png 150w, https:\/\/gaius.se\/wpAdmin\/wp-content\/uploads\/2024\/11\/Gbg-Vykort2-400x400.png 400w, https:\/\/gaius.se\/wpAdmin\/wp-content\/uploads\/2024\/11\/Gbg-Vykort2-100x100.png 100w, https:\/\/gaius.se\/wpAdmin\/wp-content\/uploads\/2024\/11\/Gbg-Vykort2-60x60.png 60w, https:\/\/gaius.se\/wpAdmin\/wp-content\/uploads\/2024\/11\/Gbg-Vykort2-90x90.png 90w\" sizes=\"auto, (max-width: 474px) 100vw, 474px\" \/>\t\t\t\t\t\t\t\t\t\t\t<\/div>\n\t\t\t<\/a>\t\t<\/div>\n\n\t\t<div class=\"box-text text-center\" >\n\t\t\t<div class=\"box-text-inner\">\n\t\t\t\t\n<h5>Vykortsbok \u00a0G\u00f6teborg<\/h5>\n<h6>149 kr<\/h6>\n\t\t\t<\/div>\n\t\t<\/div>\n\t<\/div>\n\t\n\t\t<\/div>\n\t<\/div>\n\n\t\n\n\t<div class=\"col itemLike2 medium-4 small-12 large-4\"  >\n\t\t<div class=\"col-inner\" style=\"padding:13px 0px 0px 0px;\" >\n\t\t\t\n\t\t\t\n\t<div class=\"box has-hover   has-hover box-text-bottom\" >\n\n\t\t<div class=\"box-image\" >\n\t\t\t<a href=\"\/wpAdmin\/produkt\/tavlor-med-goteborgsmotiv\/\"  >\t\t\t<div class=\"\" >\n\t\t\t\t<img loading=\"lazy\" decoding=\"async\" width=\"474\" height=\"474\" src=\"https:\/\/gaius.se\/wpAdmin\/wp-content\/uploads\/2024\/11\/Sthlm-poster2.png\" class=\"attachment- size-\" alt=\"\" srcset=\"https:\/\/gaius.se\/wpAdmin\/wp-content\/uploads\/2024\/11\/Sthlm-poster2.png 474w, https:\/\/gaius.se\/wpAdmin\/wp-content\/uploads\/2024\/11\/Sthlm-poster2-300x300.png 300w, https:\/\/gaius.se\/wpAdmin\/wp-content\/uploads\/2024\/11\/Sthlm-poster2-150x150.png 150w, https:\/\/gaius.se\/wpAdmin\/wp-content\/uploads\/2024\/11\/Sthlm-poster2-400x400.png 400w, https:\/\/gaius.se\/wpAdmin\/wp-content\/uploads\/2024\/11\/Sthlm-poster2-100x100.png 100w, https:\/\/gaius.se\/wpAdmin\/wp-content\/uploads\/2024\/11\/Sthlm-poster2-60x60.png 60w, https:\/\/gaius.se\/wpAdmin\/wp-content\/uploads\/2024\/11\/Sthlm-poster2-90x90.png 90w\" sizes=\"auto, (max-width: 474px) 100vw, 474px\" \/>\t\t\t\t\t\t\t\t\t\t\t<\/div>\n\t\t\t<\/a>\t\t<\/div>\n\n\t\t<div class=\"box-text text-center\" >\n\t\t\t<div class=\"box-text-inner\">\n\t\t\t\t\n<h5>Tavlor med Stockholmsmotiv<\/h5>\n<h6>199 kr<\/h6>\n\t\t\t<\/div>\n\t\t<\/div>\n\t<\/div>\n\t\n\t\t<\/div>\n\t<\/div>\n\n\t\n\n\t<div class=\"col itemLike3 medium-4 small-12 large-4\"  >\n\t\t<div class=\"col-inner\" style=\"padding:13px 0px 0px 0px;\" >\n\t\t\t\n\t\t\t\n\t<div class=\"box has-hover   has-hover box-text-bottom\" >\n\n\t\t<div class=\"box-image\" >\n\t\t\t<a href=\"\/wpAdmin\/produkt\/stockholmsalmanackan-2024\/\"  >\t\t\t<div class=\"\" >\n\t\t\t\t<img loading=\"lazy\" decoding=\"async\" width=\"474\" height=\"474\" src=\"https:\/\/gaius.se\/wpAdmin\/wp-content\/uploads\/2024\/11\/SthlmAlm25_2-1.png\" class=\"attachment- size-\" alt=\"\" srcset=\"https:\/\/gaius.se\/wpAdmin\/wp-content\/uploads\/2024\/11\/SthlmAlm25_2-1.png 474w, https:\/\/gaius.se\/wpAdmin\/wp-content\/uploads\/2024\/11\/SthlmAlm25_2-1-300x300.png 300w, https:\/\/gaius.se\/wpAdmin\/wp-content\/uploads\/2024\/11\/SthlmAlm25_2-1-150x150.png 150w, https:\/\/gaius.se\/wpAdmin\/wp-content\/uploads\/2024\/11\/SthlmAlm25_2-1-400x400.png 400w, https:\/\/gaius.se\/wpAdmin\/wp-content\/uploads\/2024\/11\/SthlmAlm25_2-1-100x100.png 100w, https:\/\/gaius.se\/wpAdmin\/wp-content\/uploads\/2024\/11\/SthlmAlm25_2-1-60x60.png 60w, https:\/\/gaius.se\/wpAdmin\/wp-content\/uploads\/2024\/11\/SthlmAlm25_2-1-90x90.png 90w\" sizes=\"auto, (max-width: 474px) 100vw, 474px\" \/>\t\t\t\t\t\t\t\t\t\t\t<\/div>\n\t\t\t<\/a>\t\t<\/div>\n\n\t\t<div class=\"box-text text-center\" >\n\t\t\t<div class=\"box-text-inner\">\n\t\t\t\t\n<h5>Stockholmsalmanackan 2025<\/h5>\n<h6>249 kr<\/h6>\n\t\t\t<\/div>\n\t\t<\/div>\n\t<\/div>\n\t\n\t\t<\/div>\n\t<\/div>\n\n\t\n\n<style scope=\"scope\">\n\n<\/style>\n<\/div>\n","protected":false},"excerpt":{"rendered":"<p>Tjugo stycken vykort i gammal stil \u00f6ver stockholm f\u00f6r ca hundra \u00e5r sedan.<br \/>\nAtt skicka till v\u00e4nner, s\u00e4tta p\u00e5 v\u00e4ggen eller beh\u00e5lla boken som den \u00e4r.<\/p>\n<h5>Leverans tre dagar + frakttid<\/h5>\n","protected":false},"featured_media":1689,"template":"","meta":{"_acf_changed":false},"product_brand":[],"product_cat":[58,21,48,45],"product_tag":[],"class_list":{"0":"post-1041","1":"product","2":"type-product","3":"status-publish","4":"has-post-thumbnail","6":"product_cat-58","7":"product_cat-stockholm","8":"product_cat-vykortbok","9":"product_cat-vykortsbok-sthlm","11":"first","12":"instock","13":"taxable","14":"shipping-taxable","15":"purchasable","16":"product-type-simple"},"acf":[],"_links":{"self":[{"href":"https:\/\/gaius.se\/wpAdmin\/wp-json\/wp\/v2\/product\/1041","targetHints":{"allow":["GET"]}}],"collection":[{"href":"https:\/\/gaius.se\/wpAdmin\/wp-json\/wp\/v2\/product"}],"about":[{"href":"https:\/\/gaius.se\/wpAdmin\/wp-json\/wp\/v2\/types\/product"}],"wp:featuredmedia":[{"embeddable":true,"href":"https:\/\/gaius.se\/wpAdmin\/wp-json\/wp\/v2\/media\/1689"}],"wp:attachment":[{"href":"https:\/\/gaius.se\/wpAdmin\/wp-json\/wp\/v2\/media?parent=1041"}],"wp:term":[{"taxonomy":"product_brand","embeddable":true,"href":"https:\/\/gaius.se\/wpAdmin\/wp-json\/wp\/v2\/product_brand?post=1041"},{"taxonomy":"product_cat","embeddable":true,"href":"https:\/\/gaius.se\/wpAdmin\/wp-json\/wp\/v2\/product_cat?post=1041"},{"taxonomy":"product_tag","embeddable":true,"href":"https:\/\/gaius.se\/wpAdmin\/wp-json\/wp\/v2\/product_tag?post=1041"}],"curies":[{"name":"wp","href":"https:\/\/api.w.org\/{rel}","templated":true}]}}